{"id":2433,"date":"2023-06-16T09:34:54","date_gmt":"2023-06-16T09:34:54","guid":{"rendered":"https:\/\/lindbergconstruction.fi\/?page_id=2433"},"modified":"2024-03-28T11:37:04","modified_gmt":"2024-03-28T09:37:04","slug":"byggtjanster","status":"publish","type":"page","link":"https:\/\/lindbergconstruction.fi\/fi\/byggtjanster\/","title":{"rendered":"Rakentamispalvelut"},"content":{"rendered":"<p>[et_pb_section fb_built=&#8221;1&#8243; custom_padding_last_edited=&#8221;on|phone&#8221; _builder_version=&#8221;4.20.4&#8243; _module_preset=&#8221;default&#8221; background_color=&#8221;rgba(0,0,0,0.2)&#8221; background_image=&#8221;https:\/\/lindbergconstruction.fi\/wp-content\/uploads\/2023\/06\/6Z7A9397-scaled.jpg&#8221; background_blend=&#8221;overlay&#8221; custom_margin=&#8221;0px||0px||false|false&#8221; custom_padding=&#8221;30vh||21vh||false|false&#8221; custom_padding_tablet=&#8221;140px||180px||false|false&#8221; custom_padding_phone=&#8221;200px||100px||false|false&#8221; animation_style=&#8221;fade&#8221; animation_duration=&#8221;900ms&#8221; animation_speed_curve=&#8221;ease&#8221; global_colors_info=&#8221;{}&#8221;][et_pb_row _builder_version=&#8221;4.20.4&#8243; _module_preset=&#8221;default&#8221; width=&#8221;90%&#8221; max_width=&#8221;800px&#8221; custom_margin=&#8221;0px||0px||false|false&#8221; custom_padding=&#8221;0px||0px||false|false&#8221; global_colors_info=&#8221;{}&#8221;][et_pb_column type=&#8221;4_4&#8243; _builder_version=&#8221;4.19.2&#8243; _module_preset=&#8221;default&#8221; global_colors_info=&#8221;{}&#8221;][et_pb_text _builder_version=&#8221;4.20.4&#8243; _module_preset=&#8221;default&#8221; header_font=&#8221;||||||||&#8221; header_text_color=&#8221;#FFFFFF&#8221; header_font_size=&#8221;50px&#8221; header_font_size_tablet=&#8221;40px&#8221; header_font_size_phone=&#8221;30px&#8221; header_font_size_last_edited=&#8221;on|phone&#8221; global_colors_info=&#8221;{}&#8221;]<\/p>\n<h1 style=\"text-align: center;\">Byggtj\u00e4nster<\/h1>\n<p>[\/et_pb_text][\/et_pb_column][\/et_pb_row][\/et_pb_section][et_pb_section fb_built=&#8221;1&#8243; _builder_version=&#8221;4.20.4&#8243; _module_preset=&#8221;default&#8221; global_colors_info=&#8221;{}&#8221;][et_pb_row _builder_version=&#8221;4.20.4&#8243; _module_preset=&#8221;default&#8221; width=&#8221;90%&#8221; max_width=&#8221;700px&#8221; global_colors_info=&#8221;{}&#8221;][et_pb_column type=&#8221;4_4&#8243; _builder_version=&#8221;4.20.4&#8243; _module_preset=&#8221;default&#8221; global_colors_info=&#8221;{}&#8221;][et_pb_text _builder_version=&#8221;4.20.4&#8243; _module_preset=&#8221;default&#8221; header_2_font_size=&#8221;30px&#8221; header_2_line_height=&#8221;1.2em&#8221; header_2_font_size_tablet=&#8221;30px&#8221; header_2_font_size_phone=&#8221;24px&#8221; header_2_font_size_last_edited=&#8221;on|phone&#8221; global_colors_info=&#8221;{}&#8221;]<\/p>\n<h2>Lindberg Construction st\u00e5r till Er tj\u00e4nst med:<\/h2>\n<p>[\/et_pb_text][et_pb_text _builder_version=&#8221;4.20.4&#8243; _module_preset=&#8221;default&#8221; text_font=&#8221;|300|||||||&#8221; text_text_color=&#8221;#30373e&#8221; text_font_size=&#8221;22px&#8221; text_line_height=&#8221;1.6em&#8221; ul_line_height=&#8221;1.8em&#8221; text_orientation=&#8221;center&#8221; custom_margin=&#8221;||||false|false&#8221; custom_padding=&#8221;|10px||10px|false|true&#8221; text_font_size_tablet=&#8221;22px&#8221; text_font_size_phone=&#8221;16px&#8221; text_font_size_last_edited=&#8221;on|phone&#8221; global_colors_info=&#8221;{}&#8221;]<\/p>\n<ul>\n<li style=\"text-align: left;\">Nybyggnationer, till- och ombyggnationer<\/li>\n<li style=\"text-align: left;\">Tak- och husrenoveringar<\/li>\n<li style=\"text-align: left;\">Badrumsrenoveringar med v\u00e5trumscertifikat<\/li>\n<li style=\"text-align: left;\">Planering och konstruktion av elementhus enligt kundens \u00f6nskem\u00e5l f\u00f6r egnahemshus, villor och bastur, radhus och hallar<\/li>\n<li style=\"text-align: left;\">Grundarbeten<\/li>\n<li style=\"text-align: left;\">Transporter i sk\u00e4rg\u00e5rden med pr\u00e5m<\/li>\n<\/ul>\n<p style=\"text-align: left;\">Vi g\u00f6r Era byggnadslovsritningar, ombes\u00f6rjer bygglovsans\u00f6kningarna och leder byggprocessen fr\u00e5n b\u00f6rjan till slut \u2013 allt enligt Era \u00f6nskem\u00e5l!<\/p>\n<p>[\/et_pb_text][\/et_pb_column][\/et_pb_row][\/et_pb_section]<\/p>\n","protected":false},"excerpt":{"rendered":"<p>Byggtj\u00e4nsterLindberg Construction st\u00e5r till Er tj\u00e4nst med: Nybyggnationer, till- och ombyggnationer Tak- och husrenoveringar Badrumsrenoveringar med v\u00e5trumscertifikat Planering och konstruktion av elementhus enligt kundens \u00f6nskem\u00e5l f\u00f6r egnahemshus, villor och bastur, radhus och hallar Grundarbeten Transporter i sk\u00e4rg\u00e5rden med pr\u00e5m Vi g\u00f6r Era byggnadslovsritningar, ombes\u00f6rjer bygglovsans\u00f6kningarna och leder byggprocessen fr\u00e5n b\u00f6rjan till slut \u2013 allt enligt [&hellip;]<\/p>\n","protected":false},"author":1,"featured_media":0,"parent":0,"menu_order":0,"comment_status":"closed","ping_status":"closed","template":"","meta":{"_et_pb_use_builder":"on","_et_pb_old_content":"","_et_gb_content_width":"","footnotes":""},"class_list":["post-2433","page","type-page","status-publish","hentry"],"_links":{"self":[{"href":"https:\/\/lindbergconstruction.fi\/fi\/wp-json\/wp\/v2\/pages\/2433","targetHints":{"allow":["GET"]}}],"collection":[{"href":"https:\/\/lindbergconstruction.fi\/fi\/wp-json\/wp\/v2\/pages"}],"about":[{"href":"https:\/\/lindbergconstruction.fi\/fi\/wp-json\/wp\/v2\/types\/page"}],"author":[{"embeddable":true,"href":"https:\/\/lindbergconstruction.fi\/fi\/wp-json\/wp\/v2\/users\/1"}],"replies":[{"embeddable":true,"href":"https:\/\/lindbergconstruction.fi\/fi\/wp-json\/wp\/v2\/comments?post=2433"}],"version-history":[{"count":19,"href":"https:\/\/lindbergconstruction.fi\/fi\/wp-json\/wp\/v2\/pages\/2433\/revisions"}],"predecessor-version":[{"id":71484,"href":"https:\/\/lindbergconstruction.fi\/fi\/wp-json\/wp\/v2\/pages\/2433\/revisions\/71484"}],"wp:attachment":[{"href":"https:\/\/lindbergconstruction.fi\/fi\/wp-json\/wp\/v2\/media?parent=2433"}],"curies":[{"name":"wp","href":"https:\/\/api.w.org\/{rel}","templated":true}]}}