{"id":71330,"date":"2023-06-16T13:59:29","date_gmt":"2023-06-16T13:59:29","guid":{"rendered":"https:\/\/lindbergconstruction.fi\/?page_id=71330"},"modified":"2026-02-20T09:53:03","modified_gmt":"2026-02-20T07:53:03","slug":"forsaljningsobjekt","status":"publish","type":"page","link":"https:\/\/lindbergconstruction.fi\/fi\/forsaljningsobjekt\/","title":{"rendered":"Myyntikohteet"},"content":{"rendered":"<p>[et_pb_section fb_built=&#8221;1&#8243; custom_padding_last_edited=&#8221;on|phone&#8221; _builder_version=&#8221;4.20.4&#8243; _module_preset=&#8221;default&#8221; custom_padding=&#8221;150px||||false|false&#8221; custom_padding_tablet=&#8221;100px||||false|false&#8221; custom_padding_phone=&#8221;100px||||false|false&#8221; global_colors_info=&#8221;{}&#8221;][et_pb_row _builder_version=&#8221;4.20.4&#8243; _module_preset=&#8221;default&#8221; width=&#8221;90%&#8221; max_width=&#8221;900px&#8221; global_colors_info=&#8221;{}&#8221;][et_pb_column type=&#8221;4_4&#8243; _builder_version=&#8221;4.20.4&#8243; _module_preset=&#8221;default&#8221; global_colors_info=&#8221;{}&#8221;][et_pb_text _builder_version=&#8221;4.20.4&#8243; _module_preset=&#8221;default&#8221; header_font_size=&#8221;40px&#8221; header_2_font_size=&#8221;40px&#8221; header_2_line_height=&#8221;1.3em&#8221; header_font_size_tablet=&#8221;34px&#8221; header_font_size_phone=&#8221;28px&#8221; header_font_size_last_edited=&#8221;on|phone&#8221; header_2_font_size_tablet=&#8221;34px&#8221; header_2_font_size_phone=&#8221;20px&#8221; header_2_font_size_last_edited=&#8221;on|phone&#8221; global_colors_info=&#8221;{}&#8221;]<\/p>\n<h1 style=\"text-align: center;\">F\u00f6rs\u00e4ljningsobjekt<\/h1>\n<p>[\/et_pb_text][et_pb_text _builder_version=&#8221;4.27.4&#8243; _module_preset=&#8221;default&#8221; text_font=&#8221;|300|||||||&#8221; text_font_size=&#8221;20px&#8221; hover_enabled=&#8221;0&#8243; text_font_size_tablet=&#8221;18px&#8221; text_font_size_phone=&#8221;16px&#8221; text_font_size_last_edited=&#8221;on|phone&#8221; global_colors_info=&#8221;{}&#8221; sticky_enabled=&#8221;0&#8243;]<\/p>\n<p style=\"text-align: center;\">Lindberg Construction saluf\u00f6r radhus lokaler i centrum av Yttermalax. L\u00e4genhetspriset inkluderar ett f\u00f6rr\u00e5d och en carport. Fastigheten v\u00e4rms upp med bergsv\u00e4rme och vattenburen golvv\u00e4rme.<\/p>\n<p style=\"text-align: center;\">Byggstart planeras till h\u00f6sten 2026 och f\u00e4rdigst\u00e4llande v\u00e5ren 2027.<\/p>\n<p style=\"text-align: center;\">A1\u00a0 44 m2\u00a0 \u00a0 \u00a0138 600\u20ac<\/p>\n<p style=\"text-align: center;\">A2\u00a0 53 m2\u00a0 \u00a0 165 890\u20ac<\/p>\n<p style=\"text-align: center;\">A3\u00a0 71 m2\u00a0 \u00a0 218 680\u20ac<\/p>\n<p style=\"text-align: center;\">A4\u00a0 53 m2\u00a0 \u00a0 165 890\u20ac<\/p>\n<p style=\"text-align: center;\">A5\u00a0 71 m2\u00a0 \u00a0 218 680\u20ac<\/p>\n<p>[\/et_pb_text][et_pb_button button_url=&#8221;@ET-DC@eyJkeW5hbWljIjp0cnVlLCJjb250ZW50IjoicG9zdF9saW5rX3VybF9wYWdlIiwic2V0dGluZ3MiOnsicG9zdF9pZCI6IjcxMzY3In19@&#8221; button_text=&#8221;Ta kontakt&#8221; button_alignment=&#8221;center&#8221; _builder_version=&#8221;4.20.4&#8243; _dynamic_attributes=&#8221;button_url&#8221; _module_preset=&#8221;default&#8221; custom_button=&#8221;on&#8221; button_text_size=&#8221;12px&#8221; button_text_color=&#8221;#FFFFFF&#8221; button_bg_color=&#8221;#1f1f1f&#8221; button_border_width=&#8221;0px&#8221; button_border_color=&#8221;#1f1f1f&#8221; button_border_radius=&#8221;0px&#8221; button_letter_spacing=&#8221;2px&#8221; button_font=&#8221;|700||on|||||&#8221; button_icon=&#8221;&#xf30b;||fa||900&#8243; button_on_hover=&#8221;off&#8221; custom_margin=&#8221;50px||||false|false&#8221; custom_margin_tablet=&#8221;0px||0px||false|false&#8221; custom_margin_phone=&#8221;40px||40px||true|false&#8221; custom_margin_last_edited=&#8221;on|tablet&#8221; custom_padding=&#8221;14px|52px|14px|42px|true|false&#8221; global_colors_info=&#8221;{}&#8221; button_bg_color__hover_enabled=&#8221;on|hover&#8221; button_bg_color__hover=&#8221;#1b492a&#8221; button_bg_enable_color__hover=&#8221;on&#8221; button_border_color__hover_enabled=&#8221;on|hover&#8221; button_border_color__hover=&#8221;#C6AF80&#8243;][\/et_pb_button][\/et_pb_column][\/et_pb_row][et_pb_row _builder_version=&#8221;4.20.4&#8243; _module_preset=&#8221;default&#8221; width=&#8221;90%&#8221; global_colors_info=&#8221;{}&#8221;][et_pb_column type=&#8221;4_4&#8243; _builder_version=&#8221;4.20.4&#8243; _module_preset=&#8221;default&#8221; global_colors_info=&#8221;{}&#8221;][et_pb_image src=&#8221;https:\/\/lindbergconstruction.fi\/wp-content\/uploads\/2026\/02\/Britasvagen-Plan-Farg-001-pdf.jpg&#8221; _builder_version=&#8221;4.27.4&#8243; _module_preset=&#8221;default&#8221; title_text=&#8221;Britasv\u00e4gen-Plan-F\u00e4rg-001&#8243; hover_enabled=&#8221;0&#8243; sticky_enabled=&#8221;0&#8243;][\/et_pb_image][\/et_pb_column][\/et_pb_row][et_pb_row _builder_version=&#8221;4.27.4&#8243; _module_preset=&#8221;default&#8221; hover_transition_duration=&#8221;0ms&#8221; hover_enabled=&#8221;0&#8243; sticky_enabled=&#8221;0&#8243; column_structure=&#8221;1_2,1_2&#8243; use_custom_gutter=&#8221;on&#8221; make_equal=&#8221;on&#8221; gutter_width=&#8221;1&#8243; width=&#8221;100%&#8221; max_width=&#8221;1293px&#8221; module_alignment=&#8221;center&#8221; min_height=&#8221;422px&#8221; height=&#8221;648px&#8221; max_height=&#8221;617px&#8221;][et_pb_column _builder_version=&#8221;4.27.4&#8243; _module_preset=&#8221;default&#8221; type=&#8221;1_2&#8243;][et_pb_image src=&#8221;https:\/\/lindbergconstruction.fi\/wp-content\/uploads\/2026\/02\/Britasvagen-3D-2-6-pdf.jpg&#8221; _builder_version=&#8221;4.27.4&#8243; _module_preset=&#8221;default&#8221; title_text=&#8221;Britasv\u00e4gen-3D-2&#8243; hover_enabled=&#8221;0&#8243; sticky_enabled=&#8221;0&#8243; hover_transition_duration=&#8221;0ms&#8221;][\/et_pb_image][\/et_pb_column][et_pb_column _builder_version=&#8221;4.27.4&#8243; _module_preset=&#8221;default&#8221; type=&#8221;1_2&#8243;][et_pb_image src=&#8221;https:\/\/lindbergconstruction.fi\/wp-content\/uploads\/2026\/02\/Britasvagen-1-pdf.jpg&#8221; _builder_version=&#8221;4.27.4&#8243; _module_preset=&#8221;default&#8221; title_text=&#8221;Britasv\u00e4gen&#8221; hover_enabled=&#8221;0&#8243; sticky_enabled=&#8221;0&#8243;][\/et_pb_image][\/et_pb_column][\/et_pb_row][et_pb_row _builder_version=&#8221;4.27.4&#8243; _module_preset=&#8221;default&#8221;][et_pb_column _builder_version=&#8221;4.27.4&#8243; _module_preset=&#8221;default&#8221; type=&#8221;4_4&#8243;][et_pb_image src=&#8221;https:\/\/lindbergconstruction.fi\/wp-content\/uploads\/2026\/02\/Britasvagen-Fasader-2-001-pdf.jpg&#8221; _builder_version=&#8221;4.27.4&#8243; _module_preset=&#8221;default&#8221; title_text=&#8221;Britasv\u00e4gen-Fasader-2-001&#8243; hover_enabled=&#8221;0&#8243; sticky_enabled=&#8221;0&#8243;][\/et_pb_image][\/et_pb_column][\/et_pb_row][et_pb_row _builder_version=&#8221;4.27.4&#8243; _module_preset=&#8221;default&#8221;][et_pb_column _builder_version=&#8221;4.27.4&#8243; _module_preset=&#8221;default&#8221; type=&#8221;4_4&#8243;][et_pb_image src=&#8221;https:\/\/lindbergconstruction.fi\/wp-content\/uploads\/2026\/02\/Britasvagen-Situationsplan-002-pdf.jpg&#8221; _builder_version=&#8221;4.27.4&#8243; _module_preset=&#8221;default&#8221; title_text=&#8221;Britasv\u00e4gen-Situationsplan-002&#8243; hover_enabled=&#8221;0&#8243; sticky_enabled=&#8221;0&#8243;][\/et_pb_image][\/et_pb_column][\/et_pb_row][et_pb_row _builder_version=&#8221;4.27.4&#8243; _module_preset=&#8221;default&#8221;][et_pb_column _builder_version=&#8221;4.27.4&#8243; _module_preset=&#8221;default&#8221; type=&#8221;4_4&#8243;][et_pb_image src=&#8221;https:\/\/lindbergconstruction.fi\/wp-content\/uploads\/2026\/02\/Britasvagen-Plan-2-001-pdf.jpg&#8221; _builder_version=&#8221;4.27.4&#8243; _module_preset=&#8221;default&#8221; title_text=&#8221;Britasv\u00e4gen-Plan-2-001&#8243; hover_enabled=&#8221;0&#8243; sticky_enabled=&#8221;0&#8243;][\/et_pb_image][\/et_pb_column][\/et_pb_row][et_pb_row _builder_version=&#8221;4.27.4&#8243; _module_preset=&#8221;default&#8221;][et_pb_column _builder_version=&#8221;4.27.4&#8243; _module_preset=&#8221;default&#8221; type=&#8221;4_4&#8243;][et_pb_image src=&#8221;https:\/\/lindbergconstruction.fi\/wp-content\/uploads\/2026\/02\/Britasvagen-Skarning-2-001-pdf.jpg&#8221; _builder_version=&#8221;4.27.4&#8243; _module_preset=&#8221;default&#8221; title_text=&#8221;Britasv\u00e4gen-Sk\u00e4rning-2-001&#8243; hover_enabled=&#8221;0&#8243; sticky_enabled=&#8221;0&#8243;][\/et_pb_image][\/et_pb_column][\/et_pb_row][\/et_pb_section]<\/p>\n","protected":false},"excerpt":{"rendered":"<p>F\u00f6rs\u00e4ljningsobjektLindberg Construction saluf\u00f6r radhus lokaler i centrum av Yttermalax. L\u00e4genhetspriset inkluderar ett f\u00f6rr\u00e5d och en carport. Fastigheten v\u00e4rms upp med bergsv\u00e4rme och vattenburen golvv\u00e4rme. Byggstart planeras till h\u00f6sten 2026 och f\u00e4rdigst\u00e4llande v\u00e5ren 2027. A1\u00a0 44 m2\u00a0 \u00a0 \u00a0138 600\u20ac A2\u00a0 53 m2\u00a0 \u00a0 165 890\u20ac A3\u00a0 71 m2\u00a0 \u00a0 218 680\u20ac A4\u00a0 53 m2\u00a0 \u00a0 [&hellip;]<\/p>\n","protected":false},"author":1,"featured_media":0,"parent":0,"menu_order":0,"comment_status":"closed","ping_status":"closed","template":"","meta":{"_et_pb_use_builder":"on","_et_pb_old_content":"","_et_gb_content_width":"","footnotes":""},"class_list":["post-71330","page","type-page","status-publish","hentry"],"_links":{"self":[{"href":"https:\/\/lindbergconstruction.fi\/fi\/wp-json\/wp\/v2\/pages\/71330","targetHints":{"allow":["GET"]}}],"collection":[{"href":"https:\/\/lindbergconstruction.fi\/fi\/wp-json\/wp\/v2\/pages"}],"about":[{"href":"https:\/\/lindbergconstruction.fi\/fi\/wp-json\/wp\/v2\/types\/page"}],"author":[{"embeddable":true,"href":"https:\/\/lindbergconstruction.fi\/fi\/wp-json\/wp\/v2\/users\/1"}],"replies":[{"embeddable":true,"href":"https:\/\/lindbergconstruction.fi\/fi\/wp-json\/wp\/v2\/comments?post=71330"}],"version-history":[{"count":11,"href":"https:\/\/lindbergconstruction.fi\/fi\/wp-json\/wp\/v2\/pages\/71330\/revisions"}],"predecessor-version":[{"id":71505,"href":"https:\/\/lindbergconstruction.fi\/fi\/wp-json\/wp\/v2\/pages\/71330\/revisions\/71505"}],"wp:attachment":[{"href":"https:\/\/lindbergconstruction.fi\/fi\/wp-json\/wp\/v2\/media?parent=71330"}],"curies":[{"name":"wp","href":"https:\/\/api.w.org\/{rel}","templated":true}]}}