{"id":71464,"date":"2024-03-28T11:34:02","date_gmt":"2024-03-28T09:34:02","guid":{"rendered":"https:\/\/lindbergconstruction.fi\/?page_id=71464"},"modified":"2024-03-28T11:34:02","modified_gmt":"2024-03-28T09:34:02","slug":"elementfabrik","status":"publish","type":"page","link":"https:\/\/lindbergconstruction.fi\/fi\/elementfabrik\/","title":{"rendered":"Elementtitehdas"},"content":{"rendered":"<p>[et_pb_section fb_built=&#8221;1&#8243; custom_padding_last_edited=&#8221;on|phone&#8221; _builder_version=&#8221;4.24.2&#8243; _module_preset=&#8221;default&#8221; background_color=&#8221;rgba(0,0,0,0.3)&#8221; background_image=&#8221;https:\/\/lindbergconstruction.fi\/wp-content\/uploads\/2024\/03\/6Z7A1252.webp&#8221; background_blend=&#8221;overlay&#8221; custom_margin=&#8221;0px||0px||false|false&#8221; custom_padding=&#8221;33vh||26vh||false|false&#8221; custom_padding_tablet=&#8221;140px||180px||false|false&#8221; custom_padding_phone=&#8221;200px||100px||false|false&#8221; animation_style=&#8221;fade&#8221; animation_duration=&#8221;900ms&#8221; animation_speed_curve=&#8221;ease&#8221; hover_enabled=&#8221;0&#8243; global_colors_info=&#8221;{}&#8221; theme_builder_area=&#8221;post_content&#8221; title_text=&#8221;6Z7A1252&#8243; sticky_enabled=&#8221;0&#8243;][et_pb_row _builder_version=&#8221;4.20.4&#8243; _module_preset=&#8221;default&#8221; width=&#8221;90%&#8221; max_width=&#8221;800px&#8221; custom_margin=&#8221;0px||0px||false|false&#8221; custom_padding=&#8221;0px||0px||false|false&#8221; global_colors_info=&#8221;{}&#8221; theme_builder_area=&#8221;post_content&#8221;][et_pb_column type=&#8221;4_4&#8243; _builder_version=&#8221;4.19.2&#8243; _module_preset=&#8221;default&#8221; global_colors_info=&#8221;{}&#8221; theme_builder_area=&#8221;post_content&#8221;][et_pb_text _builder_version=&#8221;4.24.2&#8243; _module_preset=&#8221;default&#8221; header_font=&#8221;||||||||&#8221; header_text_color=&#8221;#FFFFFF&#8221; header_font_size=&#8221;50px&#8221; hover_enabled=&#8221;0&#8243; header_font_size_tablet=&#8221;40px&#8221; header_font_size_phone=&#8221;30px&#8221; header_font_size_last_edited=&#8221;on|phone&#8221; global_colors_info=&#8221;{}&#8221; theme_builder_area=&#8221;post_content&#8221; sticky_enabled=&#8221;0&#8243;]<\/p>\n<h1 style=\"text-align: center;\">Elementfabrik<\/h1>\n<p>[\/et_pb_text][\/et_pb_column][\/et_pb_row][\/et_pb_section][et_pb_section fb_built=&#8221;1&#8243; _builder_version=&#8221;4.20.4&#8243; _module_preset=&#8221;default&#8221; global_colors_info=&#8221;{}&#8221; theme_builder_area=&#8221;post_content&#8221;][et_pb_row _builder_version=&#8221;4.20.4&#8243; _module_preset=&#8221;default&#8221; width=&#8221;90%&#8221; max_width=&#8221;700px&#8221; global_colors_info=&#8221;{}&#8221; theme_builder_area=&#8221;post_content&#8221;][et_pb_column type=&#8221;4_4&#8243; _builder_version=&#8221;4.20.4&#8243; _module_preset=&#8221;default&#8221; global_colors_info=&#8221;{}&#8221; theme_builder_area=&#8221;post_content&#8221;][et_pb_text _builder_version=&#8221;4.24.2&#8243; _module_preset=&#8221;default&#8221; header_2_font_size=&#8221;30px&#8221; header_2_line_height=&#8221;1.2em&#8221; custom_padding=&#8221;20px||||false|false&#8221; hover_enabled=&#8221;0&#8243; header_2_font_size_tablet=&#8221;30px&#8221; header_2_font_size_phone=&#8221;24px&#8221; header_2_font_size_last_edited=&#8221;on|phone&#8221; global_colors_info=&#8221;{}&#8221; theme_builder_area=&#8221;post_content&#8221; sticky_enabled=&#8221;0&#8243;]<\/p>\n<h2 style=\"text-align: center;\">Elementtillverkning<\/h2>\n<p>[\/et_pb_text][et_pb_text _builder_version=&#8221;4.24.2&#8243; _module_preset=&#8221;default&#8221; text_font=&#8221;|300|||||||&#8221; text_text_color=&#8221;#30373e&#8221; text_font_size=&#8221;22px&#8221; text_line_height=&#8221;1.6em&#8221; ul_line_height=&#8221;1.8em&#8221; text_orientation=&#8221;center&#8221; custom_margin=&#8221;||||false|false&#8221; custom_padding=&#8221;||||false|false&#8221; hover_enabled=&#8221;0&#8243; text_font_size_tablet=&#8221;22px&#8221; text_font_size_phone=&#8221;16px&#8221; text_font_size_last_edited=&#8221;on|phone&#8221; global_colors_info=&#8221;{}&#8221; theme_builder_area=&#8221;post_content&#8221; sticky_enabled=&#8221;0&#8243;]<\/p>\n<p style=\"text-align: center;\">Tillverkning av storelement i tr\u00e4 b\u00f6rjade \u00e5r 2005 n\u00e4r v\u00e5r produktionshall blev byggt. Storelement i tr\u00e4 g\u00f6rs f\u00f6r egnahemshus, fritidshus, parhus, radhus, hallar och offentliga byggnader. Kunder \u00e4r privatpersoner, f\u00f6retag och \u00e4ven byggf\u00f6retag.<\/p>\n<p style=\"text-align: center;\">Storelementen byggs inomhus i en torr milj\u00f6 och levereras samma dag som monteringen sker och byggnaden st\u00e5r v\u00e4dert\u00e4tt i de flesta fall samma dag. Elementen som vi g\u00f6r \u00e4r anpassat f\u00f6r kunden, och vi hj\u00e4lper \u00e4ven till med ritningar om det beh\u00f6vs.<\/p>\n<p>[\/et_pb_text][\/et_pb_column][\/et_pb_row][et_pb_row _builder_version=&#8221;4.20.4&#8243; _module_preset=&#8221;default&#8221; width=&#8221;90%&#8221; global_colors_info=&#8221;{}&#8221; theme_builder_area=&#8221;post_content&#8221;][et_pb_column type=&#8221;4_4&#8243; _builder_version=&#8221;4.20.4&#8243; _module_preset=&#8221;default&#8221; global_colors_info=&#8221;{}&#8221; theme_builder_area=&#8221;post_content&#8221;][dsm_masonry_gallery gallery_ids=&#8221;71475,71474,71473,71472,71471,71470,71469,71468,71467,71476,71477,71480,71481&#8243; use_lightbox=&#8221;on&#8221; columns_tablet=&#8221;3&#8243; columns_phone=&#8221;2&#8243; columns_last_edited=&#8221;on|phone&#8221; _builder_version=&#8221;4.24.2&#8243; _module_preset=&#8221;default&#8221; hover_enabled=&#8221;0&#8243; global_colors_info=&#8221;{}&#8221; theme_builder_area=&#8221;post_content&#8221; sticky_enabled=&#8221;0&#8243;][\/dsm_masonry_gallery][\/et_pb_column][\/et_pb_row][\/et_pb_section]<\/p>\n","protected":false},"excerpt":{"rendered":"<p>ElementfabrikElementtillverkningTillverkning av storelement i tr\u00e4 b\u00f6rjade \u00e5r 2005 n\u00e4r v\u00e5r produktionshall blev byggt. Storelement i tr\u00e4 g\u00f6rs f\u00f6r egnahemshus, fritidshus, parhus, radhus, hallar och offentliga byggnader. Kunder \u00e4r privatpersoner, f\u00f6retag och \u00e4ven byggf\u00f6retag. Storelementen byggs inomhus i en torr milj\u00f6 och levereras samma dag som monteringen sker och byggnaden st\u00e5r v\u00e4dert\u00e4tt i de flesta fall [&hellip;]<\/p>\n","protected":false},"author":3,"featured_media":0,"parent":0,"menu_order":0,"comment_status":"closed","ping_status":"closed","template":"","meta":{"_et_pb_use_builder":"on","_et_pb_old_content":"","_et_gb_content_width":"","footnotes":""},"class_list":["post-71464","page","type-page","status-publish","hentry"],"_links":{"self":[{"href":"https:\/\/lindbergconstruction.fi\/fi\/wp-json\/wp\/v2\/pages\/71464","targetHints":{"allow":["GET"]}}],"collection":[{"href":"https:\/\/lindbergconstruction.fi\/fi\/wp-json\/wp\/v2\/pages"}],"about":[{"href":"https:\/\/lindbergconstruction.fi\/fi\/wp-json\/wp\/v2\/types\/page"}],"author":[{"embeddable":true,"href":"https:\/\/lindbergconstruction.fi\/fi\/wp-json\/wp\/v2\/users\/3"}],"replies":[{"embeddable":true,"href":"https:\/\/lindbergconstruction.fi\/fi\/wp-json\/wp\/v2\/comments?post=71464"}],"version-history":[{"count":3,"href":"https:\/\/lindbergconstruction.fi\/fi\/wp-json\/wp\/v2\/pages\/71464\/revisions"}],"predecessor-version":[{"id":71482,"href":"https:\/\/lindbergconstruction.fi\/fi\/wp-json\/wp\/v2\/pages\/71464\/revisions\/71482"}],"wp:attachment":[{"href":"https:\/\/lindbergconstruction.fi\/fi\/wp-json\/wp\/v2\/media?parent=71464"}],"curies":[{"name":"wp","href":"https:\/\/api.w.org\/{rel}","templated":true}]}}