{"id":71325,"date":"2023-06-16T13:43:43","date_gmt":"2023-06-16T13:43:43","guid":{"rendered":"https:\/\/lindbergconstruction.fi\/?page_id=71325"},"modified":"2026-02-20T11:15:57","modified_gmt":"2026-02-20T09:15:57","slug":"skargardstransporter","status":"publish","type":"page","link":"https:\/\/lindbergconstruction.fi\/sv\/skargardstransporter\/","title":{"rendered":"Sk\u00e4rg\u00e5rdstransporter"},"content":{"rendered":"<p>[et_pb_section fb_built=&#8221;1&#8243; custom_padding_last_edited=&#8221;on|phone&#8221; _builder_version=&#8221;4.27.4&#8243; _module_preset=&#8221;default&#8221; background_color=&#8221;rgba(237,237,237,0.43)&#8221; background_image=&#8221;https:\/\/lindbergconstruction.fi\/wp-content\/uploads\/2026\/02\/20240612_145823-scaled.jpg&#8221; background_size=&#8221;custom&#8221; background_blend=&#8221;overlay&#8221; custom_margin=&#8221;0px||0px||false|false&#8221; custom_padding=&#8221;30vh||21vh||false|false&#8221; custom_padding_tablet=&#8221;140px||180px||false|false&#8221; custom_padding_phone=&#8221;200px||100px||false|false&#8221; animation_style=&#8221;fade&#8221; animation_duration=&#8221;900ms&#8221; animation_speed_curve=&#8221;ease&#8221; hover_enabled=&#8221;0&#8243; global_colors_info=&#8221;{}&#8221; sticky_enabled=&#8221;0&#8243;][et_pb_row _builder_version=&#8221;4.20.4&#8243; _module_preset=&#8221;default&#8221; width=&#8221;90%&#8221; max_width=&#8221;800px&#8221; custom_margin=&#8221;0px||0px||false|false&#8221; custom_padding=&#8221;0px||0px||false|false&#8221; global_colors_info=&#8221;{}&#8221;][et_pb_column type=&#8221;4_4&#8243; _builder_version=&#8221;4.19.2&#8243; _module_preset=&#8221;default&#8221; global_colors_info=&#8221;{}&#8221;][et_pb_text content_tablet=&#8221;<\/p>\n<h1>Sk\u00e4rg\u00e5rdstransporter<\/h1>\n<p>&#8221; content_phone=&#8221;<\/p>\n<h1>Sk\u00e4rg\u00e5rds-<\/h1>\n<h1>transporter<\/h1>\n<p>&#8221; content_last_edited=&#8221;on|phone&#8221; _builder_version=&#8221;4.20.4&#8243; _module_preset=&#8221;default&#8221; header_font=&#8221;||||||||&#8221; header_text_align=&#8221;center&#8221; header_text_color=&#8221;#FFFFFF&#8221; header_font_size=&#8221;50px&#8221; header_line_height=&#8221;1.2em&#8221; header_2_font=&#8221;Lora||||||||&#8221; custom_margin=&#8221;0px||29px||false|false&#8221; custom_margin_tablet=&#8221;0px||29px||false|false&#8221; custom_margin_phone=&#8221;0px||15px||false|false&#8221; custom_margin_last_edited=&#8221;on|phone&#8221; custom_padding=&#8221;0px||0px||false|false&#8221; animation_style=&#8221;slide&#8221; animation_direction=&#8221;bottom&#8221; animation_delay=&#8221;500ms&#8221; animation_intensity_slide=&#8221;14%&#8221; animation_speed_curve=&#8221;ease&#8221; header_font_size_tablet=&#8221;40px&#8221; header_font_size_phone=&#8221;30px&#8221; header_font_size_last_edited=&#8221;on|phone&#8221; header_line_height_tablet=&#8221;1.2em&#8221; header_line_height_phone=&#8221;1em&#8221; header_line_height_last_edited=&#8221;on|phone&#8221; header_text_shadow_style=&#8221;preset3&#8243; header_text_shadow_color=&#8221;rgba(0,0,0,0.6)&#8221; global_colors_info=&#8221;{}&#8221;]<\/p>\n<h1>Sk\u00e4rg\u00e5rdstransporter<\/h1>\n<p>[\/et_pb_text][\/et_pb_column][\/et_pb_row][\/et_pb_section][et_pb_section fb_built=&#8221;1&#8243; _builder_version=&#8221;4.20.4&#8243; _module_preset=&#8221;default&#8221; custom_margin=&#8221;69px|||||&#8221; global_colors_info=&#8221;{}&#8221;][et_pb_row _builder_version=&#8221;4.20.4&#8243; _module_preset=&#8221;default&#8221; width=&#8221;90%&#8221; max_width=&#8221;900px&#8221; global_colors_info=&#8221;{}&#8221;][et_pb_column type=&#8221;4_4&#8243; _builder_version=&#8221;4.20.4&#8243; _module_preset=&#8221;default&#8221; global_colors_info=&#8221;{}&#8221;][et_pb_text _builder_version=&#8221;4.20.4&#8243; _module_preset=&#8221;default&#8221; header_2_font_size=&#8221;40px&#8221; header_2_line_height=&#8221;1.3em&#8221; header_2_font_size_tablet=&#8221;34px&#8221; header_2_font_size_phone=&#8221;24px&#8221; header_2_font_size_last_edited=&#8221;on|phone&#8221; global_colors_info=&#8221;{}&#8221;]<\/p>\n<h2 style=\"text-align: center;\">Byggande i sk\u00e4rg\u00e5rden<\/h2>\n<p>[\/et_pb_text][et_pb_text _builder_version=&#8221;4.27.4&#8243; _module_preset=&#8221;default&#8221; text_font=&#8221;|300|||||||&#8221; text_font_size=&#8221;20px&#8221; text_font_size_tablet=&#8221;18px&#8221; text_font_size_phone=&#8221;16px&#8221; text_font_size_last_edited=&#8221;on|phone&#8221; global_colors_info=&#8221;{}&#8221;]<\/p>\n<p style=\"text-align: center;\">Vi transporterar byggnadselement och \u00f6vrigt byggnadsmaterial i sk\u00e4rg\u00e5rden. Lastning sker med kran eller gr\u00e4vmaskin. Om m\u00f6jligt sk\u00f6ter vi transporterna vintertid, om isl\u00e4get till\u00e5ter detta.<\/p>\n<p style=\"text-align: center;\">Lindberg Constrcution har stor erfarenhet av byggande i sk\u00e4rg\u00e5rden. Vi har en mindre fl\u00e5tte 3,8&#215;8 meter med b\u00e4rvikt 5,5 ton som vi transporterar material med, den kan \u00e4ven hyras ta kontakt!<\/p>\n<p>[\/et_pb_text][et_pb_button button_url=&#8221;@ET-DC@eyJkeW5hbWljIjp0cnVlLCJjb250ZW50IjoicG9zdF9saW5rX3VybF9wYWdlIiwic2V0dGluZ3MiOnsicG9zdF9pZCI6IjcxMzY3In19@&#8221; button_text=&#8221;Ta kontakt&#8221; button_alignment=&#8221;center&#8221; _builder_version=&#8221;4.20.4&#8243; _dynamic_attributes=&#8221;button_url&#8221; _module_preset=&#8221;default&#8221; custom_button=&#8221;on&#8221; button_text_size=&#8221;12px&#8221; button_text_color=&#8221;#FFFFFF&#8221; button_bg_color=&#8221;#1F1F1F&#8221; button_border_width=&#8221;0px&#8221; button_border_color=&#8221;#1f1f1f&#8221; button_border_radius=&#8221;0px&#8221; button_letter_spacing=&#8221;2px&#8221; button_font=&#8221;|700||on|||||&#8221; button_icon=&#8221;&#xf30b;||fa||900&#8243; button_on_hover=&#8221;off&#8221; custom_margin=&#8221;50px||||false|false&#8221; custom_margin_tablet=&#8221;0px||0px||false|false&#8221; custom_margin_phone=&#8221;40px||40px||true|false&#8221; custom_margin_last_edited=&#8221;on|tablet&#8221; custom_padding=&#8221;14px|52px|14px|42px|true|false&#8221; global_colors_info=&#8221;{}&#8221; button_bg_color__hover_enabled=&#8221;on|hover&#8221; button_bg_color__hover=&#8221;#1B492A&#8221; button_bg_enable_color__hover=&#8221;on&#8221; button_border_color__hover_enabled=&#8221;on|hover&#8221; button_border_color__hover=&#8221;#C6AF80&#8243;][\/et_pb_button][\/et_pb_column][\/et_pb_row][\/et_pb_section][et_pb_section fb_built=&#8221;1&#8243; _builder_version=&#8221;4.27.4&#8243; _module_preset=&#8221;default&#8221; global_colors_info=&#8221;{}&#8221;][et_pb_row _builder_version=&#8221;4.27.4&#8243; _module_preset=&#8221;default&#8221; global_colors_info=&#8221;{}&#8221;][et_pb_column type=&#8221;4_4&#8243; _builder_version=&#8221;4.27.4&#8243; _module_preset=&#8221;default&#8221; global_colors_info=&#8221;{}&#8221;][et_pb_text _builder_version=&#8221;4.27.4&#8243; _module_preset=&#8221;default&#8221; global_colors_info=&#8221;{}&#8221;]<\/p>\n<h1 style=\"text-align: center;\">Bastu moduler<\/h1>\n<h5><\/h5>\n<p style=\"text-align: center;\">Byggs som f\u00e4rdiga moduler.<\/p>\n<p style=\"text-align: center;\">Finns som 9,6 m\u00b2, 11 m\u00b2 &amp; 19 m\u00b2<\/p>\n<p style=\"text-align: center;\">\n<p style=\"text-align: center;\">\n<h5 style=\"text-align: center;\">Bastu 9,6 m\u00b2\u00a0 \u00a0 \u00a016 621\u20ac<\/h5>\n<h5 style=\"text-align: center;\">Bastu 11 m\u00b2\u00a0 \u00a0 \u00a018 740\u20ac<\/h5>\n<h5 style=\"text-align: center;\">Bastu 19 m\u00b2\u00a0 \u00a0 \u00a030 913\u20ac<\/h5>\n<p>[\/et_pb_text][\/et_pb_column][\/et_pb_row][et_pb_row _builder_version=&#8221;4.27.4&#8243; _module_preset=&#8221;default&#8221; global_colors_info=&#8221;{}&#8221;][et_pb_column type=&#8221;4_4&#8243; _builder_version=&#8221;4.27.4&#8243; _module_preset=&#8221;default&#8221; global_colors_info=&#8221;{}&#8221;][et_pb_image src=&#8221;https:\/\/lindbergconstruction.fi\/wp-content\/uploads\/2026\/02\/Bastu-Storre-V2-pdf.jpg&#8221; title_text=&#8221;Bastu-St\u00f6rre-V2&#8243; _builder_version=&#8221;4.27.4&#8243; _module_preset=&#8221;default&#8221; global_colors_info=&#8221;{}&#8221;][\/et_pb_image][\/et_pb_column][\/et_pb_row][et_pb_row _builder_version=&#8221;4.27.4&#8243; _module_preset=&#8221;default&#8221; global_colors_info=&#8221;{}&#8221;][et_pb_column type=&#8221;4_4&#8243; _builder_version=&#8221;4.27.4&#8243; _module_preset=&#8221;default&#8221; global_colors_info=&#8221;{}&#8221;][et_pb_image src=&#8221;https:\/\/lindbergconstruction.fi\/wp-content\/uploads\/2026\/02\/Bastu-11m2-A3-pdf.jpg&#8221; title_text=&#8221;Bastu-11m2-A3&#8243; _builder_version=&#8221;4.27.4&#8243; _module_preset=&#8221;default&#8221; global_colors_info=&#8221;{}&#8221;][\/et_pb_image][\/et_pb_column][\/et_pb_row][\/et_pb_section]<\/p>\n","protected":false},"excerpt":{"rendered":"<p>Sk\u00e4rg\u00e5rdstransporterByggande i sk\u00e4rg\u00e5rdenVi transporterar byggnadselement och \u00f6vrigt byggnadsmaterial i sk\u00e4rg\u00e5rden. Lastning sker med kran eller gr\u00e4vmaskin. Om m\u00f6jligt sk\u00f6ter vi transporterna vintertid, om isl\u00e4get till\u00e5ter detta. Lindberg Constrcution har stor erfarenhet av byggande i sk\u00e4rg\u00e5rden. Vi har en mindre fl\u00e5tte 3,8&#215;8 meter med b\u00e4rvikt 5,5 ton som vi transporterar material med, den kan \u00e4ven hyras [&hellip;]<\/p>\n","protected":false},"author":1,"featured_media":0,"parent":0,"menu_order":0,"comment_status":"closed","ping_status":"closed","template":"","meta":{"_et_pb_use_builder":"on","_et_pb_old_content":"","_et_gb_content_width":"","footnotes":""},"class_list":["post-71325","page","type-page","status-publish","hentry"],"_links":{"self":[{"href":"https:\/\/lindbergconstruction.fi\/sv\/wp-json\/wp\/v2\/pages\/71325","targetHints":{"allow":["GET"]}}],"collection":[{"href":"https:\/\/lindbergconstruction.fi\/sv\/wp-json\/wp\/v2\/pages"}],"about":[{"href":"https:\/\/lindbergconstruction.fi\/sv\/wp-json\/wp\/v2\/types\/page"}],"author":[{"embeddable":true,"href":"https:\/\/lindbergconstruction.fi\/sv\/wp-json\/wp\/v2\/users\/1"}],"replies":[{"embeddable":true,"href":"https:\/\/lindbergconstruction.fi\/sv\/wp-json\/wp\/v2\/comments?post=71325"}],"version-history":[{"count":10,"href":"https:\/\/lindbergconstruction.fi\/sv\/wp-json\/wp\/v2\/pages\/71325\/revisions"}],"predecessor-version":[{"id":71517,"href":"https:\/\/lindbergconstruction.fi\/sv\/wp-json\/wp\/v2\/pages\/71325\/revisions\/71517"}],"wp:attachment":[{"href":"https:\/\/lindbergconstruction.fi\/sv\/wp-json\/wp\/v2\/media?parent=71325"}],"curies":[{"name":"wp","href":"https:\/\/api.w.org\/{rel}","templated":true}]}}